{"id":17,"date":"2022-03-17T11:06:50","date_gmt":"2022-03-17T02:06:50","guid":{"rendered":"https:\/\/awaji-fragrance.com\/fr\/?page_id=17"},"modified":"2024-02-18T20:34:19","modified_gmt":"2024-02-18T11:34:19","slug":"contact","status":"publish","type":"page","link":"https:\/\/awaji-fragrance.com\/fr\/contact\/","title":{"rendered":"Contact"},"content":{"rendered":"\n<div class=\"wpcf7 no-js\" id=\"wpcf7-f196-o1\" lang=\"fr-FR\" dir=\"ltr\">\n<div class=\"screen-reader-response\"><p role=\"status\" aria-live=\"polite\" aria-atomic=\"true\"><\/p> <ul><\/ul><\/div>\n<form action=\"\/fr\/wp-json\/wp\/v2\/pages\/17#wpcf7-f196-o1\" method=\"post\" class=\"wpcf7-form init\" aria-label=\"Formulaire de contact\" novalidate=\"novalidate\" data-status=\"init\">\n<div style=\"display: none;\">\n<input type=\"hidden\" name=\"_wpcf7\" value=\"196\" \/>\n<input type=\"hidden\" name=\"_wpcf7_version\" value=\"5.9\" \/>\n<input type=\"hidden\" name=\"_wpcf7_locale\" value=\"fr_FR\" \/>\n<input type=\"hidden\" name=\"_wpcf7_unit_tag\" value=\"wpcf7-f196-o1\" \/>\n<input type=\"hidden\" name=\"_wpcf7_container_post\" value=\"0\" \/>\n<input type=\"hidden\" name=\"_wpcf7_posted_data_hash\" value=\"\" \/>\n<\/div>\n<div id=\"contact\">\n    <dl id=\"experience-wrapper\" class=\"contact_form\" style=\"display: none; opacity:0\">\n        <dt>Exp\u00e9rience<\/dt>\n        <p id=\"experience-name\"><\/p>\n        <input class=\"wpcf7-form-control wpcf7-hidden\" id=\"experience-hidden\" value=\"\" type=\"hidden\" name=\"experience_name\" \/>\n    <\/dl>\n    <div style=\"display:none;\"><input class=\"wpcf7-form-control wpcf7-hidden\" id=\"email-hidden\" value=\"\" type=\"hidden\" name=\"admin_email\" \/><\/div>\n    <dl class=\"contact_form\">\n        <dt>NOM et Pr\u00e9nom<span class=\"hissu\">Champ obligatoire<\/span><\/dt>\n        <dd><span class=\"wpcf7-form-control-wrap\" data-name=\"your-name\"><input size=\"40\" class=\"wpcf7-form-control wpcf7-text wpcf7-validates-as-required\" aria-required=\"true\" aria-invalid=\"false\" value=\"\" type=\"text\" name=\"your-name\" \/><\/span><\/dd>\n    <\/dl>\n    <dl class=\"contact_form\">\n        <dt>Email<span class=\"hissu\">Champ obligatoire<\/span><\/dt>\n        <dd><span class=\"wpcf7-form-control-wrap\" data-name=\"your-email\"><input size=\"40\" class=\"wpcf7-form-control wpcf7-email wpcf7-validates-as-required wpcf7-text wpcf7-validates-as-email\" aria-required=\"true\" aria-invalid=\"false\" value=\"\" type=\"email\" name=\"your-email\" \/><\/span><\/dd>\n    <\/dl>\n    <dl class=\"contact_form\">\n        <dt>Adress mail (pour la confirmation)<span class=\"hissu\">Champ obligatoire<\/span><\/dt>\n        <dd><span class=\"wpcf7-form-control-wrap\" data-name=\"your-email-confirm\"><input size=\"40\" class=\"wpcf7-form-control wpcf7-email wpcf7-validates-as-required wpcf7-text wpcf7-validates-as-email\" aria-required=\"true\" aria-invalid=\"false\" value=\"\" type=\"email\" name=\"your-email-confirm\" \/><\/span><\/dd>\n    <\/dl>\n    <dl class=\"contact_form\">\n        <dt>T\u00e9l\u00e9phone<\/dt>\n        <dd><span class=\"wpcf7-form-control-wrap\" data-name=\"your-tel\"><input size=\"40\" class=\"wpcf7-form-control wpcf7-tel wpcf7-text wpcf7-validates-as-tel\" aria-invalid=\"false\" value=\"\" type=\"tel\" name=\"your-tel\" \/><\/span><\/dd>\n    <\/dl>\n    <dl class=\"contact_form\">\n        <dt>Votre demande<span class=\"hissu\">Champ obligatoire<\/span><\/dt>\n        <dd><span class=\"wpcf7-form-control-wrap\" data-name=\"your-body\"><textarea cols=\"50\" rows=\"5\" class=\"wpcf7-form-control wpcf7-textarea wpcf7-validates-as-required\" aria-required=\"true\" aria-invalid=\"false\" name=\"your-body\"><\/textarea><\/span><\/dd>\n    <\/dl>\n    <div class=\"contact_btn btn_wrap\">\n        <input class=\"wpcf7-form-control wpcf7-submit has-spinner btn1\" type=\"submit\" value=\"Envoyer\" \/>\n    <\/div>\n<\/div><div class=\"wpcf7-response-output\" aria-hidden=\"true\"><\/div>\n<\/form>\n<\/div>\n\n","protected":false},"excerpt":{"rendered":"","protected":false},"author":2,"featured_media":184,"parent":0,"menu_order":0,"comment_status":"closed","ping_status":"closed","template":"","meta":{"_acf_changed":false,"footnotes":""},"class_list":["post-17","page","type-page","status-publish","has-post-thumbnail","hentry"],"acf":[],"yoast_head":"<!-- This site is optimized with the Yoast SEO plugin v22.1 - https:\/\/yoast.com\/wordpress\/plugins\/seo\/ -->\n<title>Contact | AWAJI FRAGRANCE SIte web d&#039;informations sur les exp\u00e9riences olfactives et les visites de l&#039;\u00eele d&#039;Awaji.<\/title>\n<meta name=\"description\" content=\"Tentez une vari\u00e9t\u00e9 d&#039;exp\u00e9riences li\u00e9es aux parfums sur l&#039;\u00eele d&#039;Awaji, renom\u00e9e mondialement pour sa produiction des encens. Vous pouvez r\u00e9server la place pour des exp\u00e9riences telles que la fabrication d&#039;encens original et la cueillette d&#039;herbes. Le site web est constamment mis \u00e0 jour avec des informations attrayantes sur les exp\u00e9riences et les visites de l&#039;\u00eele d&#039;Awaji, o\u00f9 vous pouvez passer du temps \u00e0 profiter du parfum.\" \/>\n<meta name=\"robots\" content=\"index, follow, max-snippet:-1, max-image-preview:large, max-video-preview:-1\" \/>\n<link rel=\"canonical\" href=\"https:\/\/awaji-fragrance.com\/fr\/contact\/\" \/>\n<meta property=\"og:locale\" content=\"fr_FR\" \/>\n<meta property=\"og:type\" content=\"article\" \/>\n<meta property=\"og:title\" content=\"Contact | AWAJI FRAGRANCE SIte web d&#039;informations sur les exp\u00e9riences olfactives et les visites de l&#039;\u00eele d&#039;Awaji.\" \/>\n<meta property=\"og:description\" content=\"Tentez une vari\u00e9t\u00e9 d&#039;exp\u00e9riences li\u00e9es aux parfums sur l&#039;\u00eele d&#039;Awaji, renom\u00e9e mondialement pour sa produiction des encens. Vous pouvez r\u00e9server la place pour des exp\u00e9riences telles que la fabrication d&#039;encens original et la cueillette d&#039;herbes. Le site web est constamment mis \u00e0 jour avec des informations attrayantes sur les exp\u00e9riences et les visites de l&#039;\u00eele d&#039;Awaji, o\u00f9 vous pouvez passer du temps \u00e0 profiter du parfum.\" \/>\n<meta property=\"og:url\" content=\"https:\/\/awaji-fragrance.com\/fr\/contact\/\" \/>\n<meta property=\"og:site_name\" content=\"AWAJI FRAGRANCE SIte web d&#039;informations sur les exp\u00e9riences olfactives et les visites de l&#039;\u00eele d&#039;Awaji.\" \/>\n<meta property=\"article:modified_time\" content=\"2024-02-18T11:34:19+00:00\" \/>\n<meta property=\"og:image\" content=\"https:\/\/awaji-fragrance.com\/fr\/wp-content\/uploads\/2022\/03\/tit_con.png\" \/>\n\t<meta property=\"og:image:width\" content=\"1801\" \/>\n\t<meta property=\"og:image:height\" content=\"601\" \/>\n\t<meta property=\"og:image:type\" content=\"image\/png\" \/>\n<meta name=\"twitter:card\" content=\"summary_large_image\" \/>\n<script type=\"application\/ld+json\" class=\"yoast-schema-graph\">{\"@context\":\"https:\/\/schema.org\",\"@graph\":[{\"@type\":\"WebPage\",\"@id\":\"https:\/\/awaji-fragrance.com\/fr\/contact\/\",\"url\":\"https:\/\/awaji-fragrance.com\/fr\/contact\/\",\"name\":\"Contact | AWAJI FRAGRANCE SIte web d&#039;informations sur les exp\u00e9riences olfactives et les visites de l&#039;\u00eele d&#039;Awaji.\",\"isPartOf\":{\"@id\":\"https:\/\/awaji-fragrance.com\/fr\/#website\"},\"datePublished\":\"2022-03-17T02:06:50+00:00\",\"dateModified\":\"2024-02-18T11:34:19+00:00\",\"description\":\"Tentez une vari\u00e9t\u00e9 d'exp\u00e9riences li\u00e9es aux parfums sur l'\u00eele d'Awaji, renom\u00e9e mondialement pour sa produiction des encens. Vous pouvez r\u00e9server la place pour des exp\u00e9riences telles que la fabrication d'encens original et la cueillette d'herbes. Le site web est constamment mis \u00e0 jour avec des informations attrayantes sur les exp\u00e9riences et les visites de l'\u00eele d'Awaji, o\u00f9 vous pouvez passer du temps \u00e0 profiter du parfum.\",\"breadcrumb\":{\"@id\":\"https:\/\/awaji-fragrance.com\/fr\/contact\/#breadcrumb\"},\"inLanguage\":\"fr-FR\",\"potentialAction\":[{\"@type\":\"ReadAction\",\"target\":[\"https:\/\/awaji-fragrance.com\/fr\/contact\/\"]}]},{\"@type\":\"BreadcrumbList\",\"@id\":\"https:\/\/awaji-fragrance.com\/fr\/contact\/#breadcrumb\",\"itemListElement\":[{\"@type\":\"ListItem\",\"position\":1,\"name\":\"Accueil\",\"item\":\"https:\/\/awaji-fragrance.com\/fr\/\"},{\"@type\":\"ListItem\",\"position\":2,\"name\":\"Contact\"}]},{\"@type\":\"WebSite\",\"@id\":\"https:\/\/awaji-fragrance.com\/fr\/#website\",\"url\":\"https:\/\/awaji-fragrance.com\/fr\/\",\"name\":\"AWAJI FRAGRANCE SIte web d&#039;informations sur les exp\u00e9riences olfactives et les visites de l&#039;\u00eele d&#039;Awaji.\",\"description\":\"Tentez une vari\u00e9t\u00e9 d&#039;exp\u00e9riences li\u00e9es aux parfums sur l&#039;\u00eele d&#039;Awaji, renom\u00e9e mondialement pour sa produiction des encens. Vous pouvez r\u00e9server la place pour des exp\u00e9riences telles que la fabrication d&#039;encens original et la cueillette d&#039;herbes. Le site web est constamment mis \u00e0 jour avec des informations attrayantes sur les exp\u00e9riences et les visites de l&#039;\u00eele d&#039;Awaji, o\u00f9 vous pouvez passer du temps \u00e0 profiter du parfum.\",\"publisher\":{\"@id\":\"https:\/\/awaji-fragrance.com\/fr\/#organization\"},\"potentialAction\":[{\"@type\":\"SearchAction\",\"target\":{\"@type\":\"EntryPoint\",\"urlTemplate\":\"https:\/\/awaji-fragrance.com\/fr\/?s={search_term_string}\"},\"query-input\":\"required name=search_term_string\"}],\"inLanguage\":\"fr-FR\"},{\"@type\":\"Organization\",\"@id\":\"https:\/\/awaji-fragrance.com\/fr\/#organization\",\"name\":\"AWAJI FRAGRANCE SIte web d&#039;informations sur les exp\u00e9riences olfactives et les visites de l&#039;\u00eele d&#039;Awaji.\",\"url\":\"https:\/\/awaji-fragrance.com\/fr\/\",\"logo\":{\"@type\":\"ImageObject\",\"inLanguage\":\"fr-FR\",\"@id\":\"https:\/\/awaji-fragrance.com\/fr\/#\/schema\/logo\/image\/\",\"url\":\"https:\/\/awaji-fragrance.com\/fr\/wp-content\/uploads\/2022\/03\/logo.svg\",\"contentUrl\":\"https:\/\/awaji-fragrance.com\/fr\/wp-content\/uploads\/2022\/03\/logo.svg\",\"width\":1,\"height\":1,\"caption\":\"AWAJI FRAGRANCE SIte web d&#039;informations sur les exp\u00e9riences olfactives et les visites de l&#039;\u00eele d&#039;Awaji.\"},\"image\":{\"@id\":\"https:\/\/awaji-fragrance.com\/fr\/#\/schema\/logo\/image\/\"}}]}<\/script>\n<!-- \/ Yoast SEO plugin. -->","yoast_head_json":{"title":"Contact | AWAJI FRAGRANCE SIte web d&#039;informations sur les exp\u00e9riences olfactives et les visites de l&#039;\u00eele d&#039;Awaji.","description":"Tentez une vari\u00e9t\u00e9 d'exp\u00e9riences li\u00e9es aux parfums sur l'\u00eele d'Awaji, renom\u00e9e mondialement pour sa produiction des encens. Vous pouvez r\u00e9server la place pour des exp\u00e9riences telles que la fabrication d'encens original et la cueillette d'herbes. Le site web est constamment mis \u00e0 jour avec des informations attrayantes sur les exp\u00e9riences et les visites de l'\u00eele d'Awaji, o\u00f9 vous pouvez passer du temps \u00e0 profiter du parfum.","robots":{"index":"index","follow":"follow","max-snippet":"max-snippet:-1","max-image-preview":"max-image-preview:large","max-video-preview":"max-video-preview:-1"},"canonical":"https:\/\/awaji-fragrance.com\/fr\/contact\/","og_locale":"fr_FR","og_type":"article","og_title":"Contact | AWAJI FRAGRANCE SIte web d&#039;informations sur les exp\u00e9riences olfactives et les visites de l&#039;\u00eele d&#039;Awaji.","og_description":"Tentez une vari\u00e9t\u00e9 d'exp\u00e9riences li\u00e9es aux parfums sur l'\u00eele d'Awaji, renom\u00e9e mondialement pour sa produiction des encens. Vous pouvez r\u00e9server la place pour des exp\u00e9riences telles que la fabrication d'encens original et la cueillette d'herbes. Le site web est constamment mis \u00e0 jour avec des informations attrayantes sur les exp\u00e9riences et les visites de l'\u00eele d'Awaji, o\u00f9 vous pouvez passer du temps \u00e0 profiter du parfum.","og_url":"https:\/\/awaji-fragrance.com\/fr\/contact\/","og_site_name":"AWAJI FRAGRANCE SIte web d&#039;informations sur les exp\u00e9riences olfactives et les visites de l&#039;\u00eele d&#039;Awaji.","article_modified_time":"2024-02-18T11:34:19+00:00","og_image":[{"width":1801,"height":601,"url":"https:\/\/awaji-fragrance.com\/fr\/wp-content\/uploads\/2022\/03\/tit_con.png","type":"image\/png"}],"twitter_card":"summary_large_image","schema":{"@context":"https:\/\/schema.org","@graph":[{"@type":"WebPage","@id":"https:\/\/awaji-fragrance.com\/fr\/contact\/","url":"https:\/\/awaji-fragrance.com\/fr\/contact\/","name":"Contact | AWAJI FRAGRANCE SIte web d&#039;informations sur les exp\u00e9riences olfactives et les visites de l&#039;\u00eele d&#039;Awaji.","isPartOf":{"@id":"https:\/\/awaji-fragrance.com\/fr\/#website"},"datePublished":"2022-03-17T02:06:50+00:00","dateModified":"2024-02-18T11:34:19+00:00","description":"Tentez une vari\u00e9t\u00e9 d'exp\u00e9riences li\u00e9es aux parfums sur l'\u00eele d'Awaji, renom\u00e9e mondialement pour sa produiction des encens. Vous pouvez r\u00e9server la place pour des exp\u00e9riences telles que la fabrication d'encens original et la cueillette d'herbes. Le site web est constamment mis \u00e0 jour avec des informations attrayantes sur les exp\u00e9riences et les visites de l'\u00eele d'Awaji, o\u00f9 vous pouvez passer du temps \u00e0 profiter du parfum.","breadcrumb":{"@id":"https:\/\/awaji-fragrance.com\/fr\/contact\/#breadcrumb"},"inLanguage":"fr-FR","potentialAction":[{"@type":"ReadAction","target":["https:\/\/awaji-fragrance.com\/fr\/contact\/"]}]},{"@type":"BreadcrumbList","@id":"https:\/\/awaji-fragrance.com\/fr\/contact\/#breadcrumb","itemListElement":[{"@type":"ListItem","position":1,"name":"Accueil","item":"https:\/\/awaji-fragrance.com\/fr\/"},{"@type":"ListItem","position":2,"name":"Contact"}]},{"@type":"WebSite","@id":"https:\/\/awaji-fragrance.com\/fr\/#website","url":"https:\/\/awaji-fragrance.com\/fr\/","name":"AWAJI FRAGRANCE SIte web d&#039;informations sur les exp\u00e9riences olfactives et les visites de l&#039;\u00eele d&#039;Awaji.","description":"Tentez une vari\u00e9t\u00e9 d&#039;exp\u00e9riences li\u00e9es aux parfums sur l&#039;\u00eele d&#039;Awaji, renom\u00e9e mondialement pour sa produiction des encens. Vous pouvez r\u00e9server la place pour des exp\u00e9riences telles que la fabrication d&#039;encens original et la cueillette d&#039;herbes. Le site web est constamment mis \u00e0 jour avec des informations attrayantes sur les exp\u00e9riences et les visites de l&#039;\u00eele d&#039;Awaji, o\u00f9 vous pouvez passer du temps \u00e0 profiter du parfum.","publisher":{"@id":"https:\/\/awaji-fragrance.com\/fr\/#organization"},"potentialAction":[{"@type":"SearchAction","target":{"@type":"EntryPoint","urlTemplate":"https:\/\/awaji-fragrance.com\/fr\/?s={search_term_string}"},"query-input":"required name=search_term_string"}],"inLanguage":"fr-FR"},{"@type":"Organization","@id":"https:\/\/awaji-fragrance.com\/fr\/#organization","name":"AWAJI FRAGRANCE SIte web d&#039;informations sur les exp\u00e9riences olfactives et les visites de l&#039;\u00eele d&#039;Awaji.","url":"https:\/\/awaji-fragrance.com\/fr\/","logo":{"@type":"ImageObject","inLanguage":"fr-FR","@id":"https:\/\/awaji-fragrance.com\/fr\/#\/schema\/logo\/image\/","url":"https:\/\/awaji-fragrance.com\/fr\/wp-content\/uploads\/2022\/03\/logo.svg","contentUrl":"https:\/\/awaji-fragrance.com\/fr\/wp-content\/uploads\/2022\/03\/logo.svg","width":1,"height":1,"caption":"AWAJI FRAGRANCE SIte web d&#039;informations sur les exp\u00e9riences olfactives et les visites de l&#039;\u00eele d&#039;Awaji."},"image":{"@id":"https:\/\/awaji-fragrance.com\/fr\/#\/schema\/logo\/image\/"}}]}},"_links":{"self":[{"href":"https:\/\/awaji-fragrance.com\/fr\/wp-json\/wp\/v2\/pages\/17","targetHints":{"allow":["GET"]}}],"collection":[{"href":"https:\/\/awaji-fragrance.com\/fr\/wp-json\/wp\/v2\/pages"}],"about":[{"href":"https:\/\/awaji-fragrance.com\/fr\/wp-json\/wp\/v2\/types\/page"}],"author":[{"embeddable":true,"href":"https:\/\/awaji-fragrance.com\/fr\/wp-json\/wp\/v2\/users\/2"}],"replies":[{"embeddable":true,"href":"https:\/\/awaji-fragrance.com\/fr\/wp-json\/wp\/v2\/comments?post=17"}],"version-history":[{"count":5,"href":"https:\/\/awaji-fragrance.com\/fr\/wp-json\/wp\/v2\/pages\/17\/revisions"}],"predecessor-version":[{"id":197,"href":"https:\/\/awaji-fragrance.com\/fr\/wp-json\/wp\/v2\/pages\/17\/revisions\/197"}],"wp:featuredmedia":[{"embeddable":true,"href":"https:\/\/awaji-fragrance.com\/fr\/wp-json\/wp\/v2\/media\/184"}],"wp:attachment":[{"href":"https:\/\/awaji-fragrance.com\/fr\/wp-json\/wp\/v2\/media?parent=17"}],"curies":[{"name":"wp","href":"https:\/\/api.w.org\/{rel}","templated":true}]}}